{"id":334,"date":"2018-04-15T22:06:12","date_gmt":"2018-04-15T20:06:12","guid":{"rendered":"http:\/\/www.ak116.pl\/?page_id=334"},"modified":"2024-11-29T17:38:12","modified_gmt":"2024-11-29T16:38:12","slug":"warunki","status":"publish","type":"page","link":"https:\/\/ak116.pl\/?page_id=334","title":{"rendered":"Warunki"},"content":{"rendered":"<p><strong>Zasadnicze warunki umowy:<\/strong><\/p>\n<ul>\n<li>Przed podpisaniem umowy, celem jej sporz\u0105dzenia i weryfikacji podmiotu, potrzebne s\u0105 nast\u0119puj\u0105ce informacje\/dokumenty:<\/li>\n<\/ul>\n<blockquote>\n<ol>\n<li>Skan aktualnego aktu notarialnego sp\u00f3\u0142ki \/ wypis z KRS \/ wypis z CEIDG<\/li>\n<li>Imi\u0119 i nazwisko oraz numer dokumentu to\u017csamo\u015bci i numer PESEL osoby podpisuj\u0105cej umow\u0119<\/li>\n<li>Numer telefonu, adres email oraz adres do dor\u0119cze\u0144 &#8211; do wzajemnych kontakt\u00f3w<\/li>\n<\/ol>\n<\/blockquote>\n<ul>\n<li>Rozliczenie za us\u0142ug\u0119 nast\u0119puje w cyklach kwartalnych (stycze\u0144-marzec, kwiecie\u0144-czerwiec, lipiec-wrzesie\u0144, pa\u017adziernik-grudzie\u0144) p\u0142atnych &#8222;z g\u00f3ry&#8221;.<\/li>\n<li>Do zawarcia umowy wymagane jest dokonanie op\u0142aty za aktualny kwarta\u0142 lub te\u017c aktualny i przysz\u0142y (w przypadku podpisywania umowy w drugiej po\u0142owie kwarta\u0142u) oraz wp\u0142acenia kaucji w wysoko\u015bci kwartalnej op\u0142aty za us\u0142ug\u0119.<\/li>\n<li>Powy\u017csza wp\u0142ata musi nast\u0105pi\u0107 w trakcie podpisania umowy got\u00f3wk\u0105 lub <span style=\"text-decoration: underline;\">przed<\/span> jej podpisaniem, na podstawie faktury proforma.<\/li>\n<li>Umow\u0119 podpisa\u0107 mo\u017ce tylko osoba upowa\u017cniona zgodnie z KRS lub CEIDG.<\/li>\n<li>Us\u0142ugi nie s\u0105 dost\u0119pne dla os\u00f3b prywatnych nie prowadz\u0105cych dzia\u0142alno\u015bci gospodarczej.<\/li>\n<li>Z pe\u0142n\u0105 tre\u015bci\u0105 umowy mo\u017cna zapozna\u0107 si\u0119 w naszym Biurze, po wcze\u015bniejszym um\u00f3wieniu.<\/li>\n<li>Zastrzegamy mo\u017cliwo\u015b\u0107 odmowy podpisania umowy i \u015bwiadczenia us\u0142ug dla podmiot\u00f3w kt\u00f3re nie przejd\u0105 pomy\u015blnie weryfikacji pod k\u0105tem wiarygodno\u015bci i rzetelno\u015bci.<\/li>\n<\/ul>\n","protected":false},"excerpt":{"rendered":"<p>Zasadnicze warunki umowy: Przed podpisaniem umowy, celem jej sporz\u0105dzenia i weryfikacji podmiotu, potrzebne s\u0105 nast\u0119puj\u0105ce informacje\/dokumenty: Skan aktualnego aktu notarialnego sp\u00f3\u0142ki \/ wypis z KRS \/ wypis z CEIDG Imi\u0119 i nazwisko oraz numer dokumentu to\u017csamo\u015bci i numer PESEL osoby podpisuj\u0105cej umow\u0119 Numer telefonu, adres email oraz adres do dor\u0119cze\u0144 &#8211; do wzajemnych kontakt\u00f3w Rozliczenie &hellip; <a href=\"https:\/\/ak116.pl\/?page_id=334\" class=\"more-link\">Czytaj dalej <span class=\"screen-reader-text\">Warunki<\/span> <span class=\"meta-nav\">&rarr;<\/span><\/a><\/p>\n","protected":false},"author":1,"featured_media":0,"parent":0,"menu_order":0,"comment_status":"closed","ping_status":"closed","template":"","meta":{"footnotes":""},"class_list":["post-334","page","type-page","status-publish","hentry"],"_links":{"self":[{"href":"https:\/\/ak116.pl\/index.php?rest_route=\/wp\/v2\/pages\/334","targetHints":{"allow":["GET"]}}],"collection":[{"href":"https:\/\/ak116.pl\/index.php?rest_route=\/wp\/v2\/pages"}],"about":[{"href":"https:\/\/ak116.pl\/index.php?rest_route=\/wp\/v2\/types\/page"}],"author":[{"embeddable":true,"href":"https:\/\/ak116.pl\/index.php?rest_route=\/wp\/v2\/users\/1"}],"replies":[{"embeddable":true,"href":"https:\/\/ak116.pl\/index.php?rest_route=%2Fwp%2Fv2%2Fcomments&post=334"}],"version-history":[{"count":2,"href":"https:\/\/ak116.pl\/index.php?rest_route=\/wp\/v2\/pages\/334\/revisions"}],"predecessor-version":[{"id":378,"href":"https:\/\/ak116.pl\/index.php?rest_route=\/wp\/v2\/pages\/334\/revisions\/378"}],"wp:attachment":[{"href":"https:\/\/ak116.pl\/index.php?rest_route=%2Fwp%2Fv2%2Fmedia&parent=334"}],"curies":[{"name":"wp","href":"https:\/\/api.w.org\/{rel}","templated":true}]}}