{"id":57,"date":"2013-10-01T09:10:37","date_gmt":"2013-10-01T07:10:37","guid":{"rendered":"http:\/\/dilit.home.pl\/ak116\/?page_id=57"},"modified":"2024-11-29T17:39:15","modified_gmt":"2024-11-29T16:39:15","slug":"2-2","status":"publish","type":"page","link":"https:\/\/ak116.pl\/","title":{"rendered":"Wirtualne Biuro"},"content":{"rendered":"<h1 style=\"text-align: center;\"><span style=\"font-size: 18px;\">Wirtualne Biuro <span style=\"font-size: 22px;\"><strong><span style=\"color: #a2d20c;\">AK<\/span><span style=\"color: #a4a4a4;\">116<\/span><\/strong><\/span><\/span><\/h1>\n<p align=\"center\">Zak\u0142adasz firm\u0119?<br \/>\nPotrzebujesz adresu do rejestracji, ale nie potrzebujesz stacjonarnego biura?<br \/>\nNie chcesz lub nie mo\u017cesz ponosi\u0107 du\u017cych koszt\u00f3w wynajmu lokalu?<br \/>\nSkorzystaj z us\u0142ug\u00a0<strong>Wirtualnego Biura<\/strong>!<br \/>\n<span style=\"font-size: 22px;\"><strong><span style=\"color: #a2d20c;\">AK<\/span><span style=\"color: #a4a4a4;\">116 <\/span><\/strong><\/span>to presti\u017cowy adres w Sopocie dla Twojej firmy.<\/p>\n<p align=\"center\">Oferujemy r\u00f3wnie\u017c us\u0142ugi ksi\u0119gowe oraz kadrowo-p\u0142acowe.<\/p>\n","protected":false},"excerpt":{"rendered":"<p>Wirtualne Biuro AK116 Zak\u0142adasz firm\u0119? Potrzebujesz adresu do rejestracji, ale nie potrzebujesz stacjonarnego biura? Nie chcesz lub nie mo\u017cesz ponosi\u0107 du\u017cych koszt\u00f3w wynajmu lokalu? Skorzystaj z us\u0142ug\u00a0Wirtualnego Biura! AK116 to presti\u017cowy adres w Sopocie dla Twojej firmy. Oferujemy r\u00f3wnie\u017c us\u0142ugi ksi\u0119gowe oraz kadrowo-p\u0142acowe.<\/p>\n","protected":false},"author":1,"featured_media":0,"parent":0,"menu_order":0,"comment_status":"closed","ping_status":"closed","template":"","meta":{"footnotes":""},"class_list":["post-57","page","type-page","status-publish","hentry"],"_links":{"self":[{"href":"https:\/\/ak116.pl\/index.php?rest_route=\/wp\/v2\/pages\/57","targetHints":{"allow":["GET"]}}],"collection":[{"href":"https:\/\/ak116.pl\/index.php?rest_route=\/wp\/v2\/pages"}],"about":[{"href":"https:\/\/ak116.pl\/index.php?rest_route=\/wp\/v2\/types\/page"}],"author":[{"embeddable":true,"href":"https:\/\/ak116.pl\/index.php?rest_route=\/wp\/v2\/users\/1"}],"replies":[{"embeddable":true,"href":"https:\/\/ak116.pl\/index.php?rest_route=%2Fwp%2Fv2%2Fcomments&post=57"}],"version-history":[{"count":2,"href":"https:\/\/ak116.pl\/index.php?rest_route=\/wp\/v2\/pages\/57\/revisions"}],"predecessor-version":[{"id":380,"href":"https:\/\/ak116.pl\/index.php?rest_route=\/wp\/v2\/pages\/57\/revisions\/380"}],"wp:attachment":[{"href":"https:\/\/ak116.pl\/index.php?rest_route=%2Fwp%2Fv2%2Fmedia&parent=57"}],"curies":[{"name":"wp","href":"https:\/\/api.w.org\/{rel}","templated":true}]}}